{"id":21980,"date":"2026-04-29T11:04:19","date_gmt":"2026-04-29T15:04:19","guid":{"rendered":"https:\/\/boiteinterculturelle.ca\/documentary-payment\/"},"modified":"2026-04-29T11:04:22","modified_gmt":"2026-04-29T15:04:22","slug":"documentary-payment","status":"publish","type":"page","link":"https:\/\/boiteinterculturelle.ca\/en\/documentary-payment\/","title":{"rendered":"Documentary payment"},"content":{"rendered":"\t\t<div data-elementor-type=\"wp-page\" data-elementor-id=\"21980\" class=\"elementor elementor-21980 elementor-21955\" data-elementor-post-type=\"page\">\n\t\t\t\t<div class=\"elementor-element elementor-element-4745e6f hero-section e-flex e-con-boxed e-con e-parent\" data-id=\"4745e6f\" data-element_type=\"container\">\n\t\t\t\t\t<div class=\"e-con-inner\">\n\t\t<div class=\"elementor-element elementor-element-8e45fcb e-con-full hero-section e-flex e-con e-child\" data-id=\"8e45fcb\" data-element_type=\"container\" data-settings=\"{&quot;background_background&quot;:&quot;classic&quot;}\">\n\t\t\t\t<div class=\"elementor-element elementor-element-3f5d2bd elementor-widget elementor-widget-heading\" data-id=\"3f5d2bd\" data-element_type=\"widget\" data-widget_type=\"heading.default\">\n\t\t\t\t\t<h1 class=\"elementor-heading-title elementor-size-default\">Payment <br>form<\/h1>\t\t\t\t<\/div>\n\t\t\t\t<div class=\"elementor-element elementor-element-0163246 elementor-widget elementor-widget-shortcode\" data-id=\"0163246\" data-element_type=\"widget\" data-widget_type=\"shortcode.default\">\n\t\t\t\t\t\t\t<div class=\"elementor-shortcode\"><nav aria-label=\"breadcrumbs\" class=\"rank-math-breadcrumb\"><p><span class=\"last\">Homepage<\/span><\/p><\/nav><\/div>\n\t\t\t\t\t\t<\/div>\n\t\t\t\t<div class=\"elementor-element elementor-element-643d52c elementor-absolute elementor-widget elementor-widget-image\" data-id=\"643d52c\" data-element_type=\"widget\" data-settings=\"{&quot;_position&quot;:&quot;absolute&quot;}\" data-widget_type=\"image.default\">\n\t\t\t\t\t\t\t\t\t\t\t\t\t\t\t<img loading=\"lazy\" decoding=\"async\" width=\"600\" height=\"600\" src=\"https:\/\/boiteinterculturelle.ca\/wp-content\/uploads\/2025\/11\/Creation-sans-titre.svg\" class=\"attachment-large size-large wp-image-16436\" alt=\"\" \/>\t\t\t\t\t\t\t\t\t\t\t\t\t\t\t<\/div>\n\t\t\t\t<\/div>\n\t\t\t\t\t<\/div>\n\t\t\t\t<\/div>\n\t\t<div class=\"elementor-element elementor-element-d5ee828 e-flex e-con-boxed e-con e-parent\" data-id=\"d5ee828\" data-element_type=\"container\">\n\t\t\t\t\t<div class=\"e-con-inner\">\n\t\t<div class=\"elementor-element elementor-element-5e61061 e-con-full e-flex e-con e-child\" data-id=\"5e61061\" data-element_type=\"container\" data-settings=\"{&quot;background_background&quot;:&quot;classic&quot;}\">\n\t\t\t\t<div class=\"elementor-element elementor-element-8024119 elementor-widget elementor-widget-heading\" data-id=\"8024119\" data-element_type=\"widget\" data-widget_type=\"heading.default\">\n\t\t\t\t\t<h2 class=\"elementor-heading-title elementor-size-default\">Documentary rental<\/h2>\t\t\t\t<\/div>\n\t\t\t\t<div class=\"elementor-element elementor-element-1fe926b elementor-widget__width-inherit fluent-form-widget-step-header-yes fluent-form-widget-step-progressbar-yes fluentform-widget-submit-button-custom elementor-widget elementor-widget-fluent-form-widget\" data-id=\"1fe926b\" data-element_type=\"widget\" data-widget_type=\"fluent-form-widget.default\">\n\t\t\t\t<div class=\"elementor-widget-container\">\n\t\t\t\t\t\n            <div class=\"fluentform-widget-wrapper fluentform-widget-align-default\">\n\n            \n            <div class='fluentform ff-default fluentform_wrapper_6 ffs_custom_wrap'><form data-form_id=\"6\" id=\"fluentform_6\" class=\"frm-fluent-form fluent_form_6 ff-el-form-top ff_form_instance_6_1 ff-form-loading ff_calc_form ff_calc_form ff_calc_form ff_has_stripe_inline fluentform_has_payment ffs_custom\" data-form_instance=\"ff_form_instance_6_1\" method=\"POST\" ><fieldset  style=\"border: none!important;margin: 0!important;padding: 0!important;background-color: transparent!important;box-shadow: none!important;outline: none!important; min-inline-size: 100%;\">\n                    <legend class=\"ff_screen_reader_title\" style=\"display: block; margin: 0!important;padding: 0!important;height: 0!important;text-indent: -999999px;width: 0!important;overflow:hidden;\">Location documentaire<\/legend><input type='hidden' name='__fluent_form_embded_post_id' value='21980' \/><input type=\"hidden\" id=\"_fluentform_6_fluentformnonce\" name=\"_fluentform_6_fluentformnonce\" value=\"ed2d12bb5c\" \/><input type=\"hidden\" name=\"_wp_http_referer\" value=\"\/en\/wp-json\/wp\/v2\/pages\/21980\" \/><div class='ff-el-group  ff-custom_html' tabindex='-1' data-name=\"custom_html-6_1\" ><h3>Contact<\/h3><\/div><div data-name=\"ff_cn_id_1\"  class='ff-t-container ff-column-container ff_columns_total_2 '><div class='ff-t-cell ff-t-column-1' style='flex-basis: 50%;'><div class='ff-el-group'><div class=\"ff-el-input--label ff-el-is-required asterisk-right\"><label for='ff_6_input_text_1' id='label_ff_6_input_text_1' aria-label=\"First Name\">First Name<\/label><\/div><div class='ff-el-input--content'><input type=\"text\" name=\"input_text_1\" class=\"ff-el-form-control\" placeholder=\"First Name\" data-name=\"input_text_1\" id=\"ff_6_input_text_1\"  aria-invalid=\"false\" aria-required=true><\/div><\/div><\/div><div class='ff-t-cell ff-t-column-2' style='flex-basis: 50%;'><div class='ff-el-group'><div class=\"ff-el-input--label asterisk-right\"><label for='ff_6_courriel' id='label_ff_6_courriel' aria-label=\"Email\">Email<\/label><\/div><div class='ff-el-input--content'><input type=\"email\" name=\"courriel\" id=\"ff_6_courriel\" class=\"ff-el-form-control\" placeholder=\"Email\" data-name=\"courriel\"  aria-invalid=\"false\" aria-required=false><\/div><\/div><\/div><\/div><div class='ff-el-group'><div class=\"ff-el-input--label asterisk-right\"><label for='ff_6_organisme_nom' id='label_ff_6_organisme_nom' aria-label=\"Name of organization \/ collective \/ establishment\">Name of organization \/ collective \/ establishment<\/label><\/div><div class='ff-el-input--content'><input type=\"text\" name=\"organisme_nom\" class=\"ff-el-form-control\" placeholder=\"Name of organization \/ collective \/ establishment\" data-name=\"organisme_nom\" id=\"ff_6_organisme_nom\"  aria-invalid=\"false\" aria-required=false><\/div><\/div><div class='ff-el-group'><div class=\"ff-el-input--label asterisk-right\"><label for='ff_6_description' id='label_ff_6_description' aria-label=\"Comments:\">Comments:<\/label><\/div><div class='ff-el-input--content'><textarea aria-required=\"false\" aria-labelledby=\"label_ff_6_description\" name=\"description\" id=\"ff_6_description\" class=\"ff-el-form-control\" rows=\"3\" cols=\"2\" data-name=\"description\" ><\/textarea><\/div><\/div><div class='ff-el-group  ff-custom_html' tabindex='-1' data-name=\"custom_html-6_2\" > <h3>Documentaries<\/h3><\/div><div class='ff-el-group'><div class=\"ff-el-input--label asterisk-right\"><label   aria-label=\"Choix de documentaires\">Choix de documentaires<\/label><\/div><div class='ff-el-input--content'><div class='ff-el-form-check ff-el-form-check-'><label class='ff-el-form-check-label' for=payment_input_1603de136c0bf24fc681f9035f12c583><input type=\"checkbox\" name=\"payment_input[]\" data-name=\"payment_input\" class=\"ff-el-form-check-input ff-el-form-check-checkbox ff_payment_item\" value=\"Mamu \u2013 Ensemble Together | Visionnement priv\u00e9 7.50 $\" data-payment_value=\"7.50\" data-calc_value=\"7.50\" data-group_id=\"ff_6_payment_input__\"  id='payment_input_1603de136c0bf24fc681f9035f12c583'> <span class='ff_plan_title'>Mamu \u2013 Ensemble Together | Visionnement priv\u00e9 7.50 $<\/span><\/label><\/div><div class='ff-el-form-check ff-el-form-check-'><label class='ff-el-form-check-label' for=payment_input_5d3cd5d925b9615a8d096a595ad81058><input type=\"checkbox\" name=\"payment_input[]\" data-name=\"payment_input\" class=\"ff-el-form-check-input ff-el-form-check-checkbox ff_payment_item ff_payment_item\" value=\"Mamu \u2013 Ensemble Together | Visionnement institutionnel 60 $\" data-payment_value=\"60\" data-calc_value=\"60\" data-group_id=\"ff_6_payment_input__\"  id='payment_input_5d3cd5d925b9615a8d096a595ad81058'> <span class='ff_plan_title'>Mamu \u2013 Ensemble Together | Visionnement institutionnel 60 $<\/span><\/label><\/div><div class='ff-el-form-check ff-el-form-check-'><label class='ff-el-form-check-label' for=payment_input_0a0c59da128f0d49b48ea67deb9c6a15><input type=\"checkbox\" name=\"payment_input[]\" data-name=\"payment_input\" class=\"ff-el-form-check-input ff-el-form-check-checkbox ff_payment_item ff_payment_item ff_payment_item\" value=\"La route de l&#039;interculturalit\u00e9 | Visionnement priv\u00e9 7.50 $\" data-payment_value=\"7.50\" data-calc_value=\"7.50\" data-group_id=\"ff_6_payment_input__\"  id='payment_input_0a0c59da128f0d49b48ea67deb9c6a15'> <span class='ff_plan_title'>La route de l'interculturalit\u00e9 | Visionnement priv\u00e9 7.50 $<\/span><\/label><\/div><div class='ff-el-form-check ff-el-form-check-'><label class='ff-el-form-check-label' for=payment_input_61173802cbcae63c7f549305e60eac3f><input type=\"checkbox\" name=\"payment_input[]\" data-name=\"payment_input\" class=\"ff-el-form-check-input ff-el-form-check-checkbox ff_payment_item ff_payment_item ff_payment_item ff_payment_item\" value=\"La route de l&#039;interculturalit\u00e9 | Visionnement institutionnel 60 $\" data-payment_value=\"60\" data-calc_value=\"60\" data-group_id=\"ff_6_payment_input__\"  id='payment_input_61173802cbcae63c7f549305e60eac3f'> <span class='ff_plan_title'>La route de l'interculturalit\u00e9 | Visionnement institutionnel 60 $<\/span><\/label><\/div><\/div><\/div><div data-name=\"ff_cn_id_2\"  class='ff-t-container ff-column-container ff_columns_total_3 hidden-field'><div class='ff-t-cell ff-t-column-1' style='flex-basis: 33.33%;'><div class='ff-el-group'><div class=\"ff-el-input--label asterisk-right\"><label for='ff_6_custom-payment-amount_3' id='label_ff_6_custom-payment-amount_3' aria-label=\"Frais de transaction\">Frais de transaction<\/label><\/div><div class='ff-el-input--content'><input type=\"text\" name=\"custom-payment-amount_3\" id=\"ff_6_custom-payment-amount_3\" class=\"ff-el-form-control  ff_payment_item ff_has_formula\" data-payment_item=\"yes\" data-name=\"custom-payment-amount_3\" inputmode=\"decimal\" data-calculation_formula=\"+1.50\" readonly=\"1\"  aria-invalid=\"false\" aria-required=false><\/div><\/div><\/div><div class='ff-t-cell ff-t-column-2' style='flex-basis: 33.33%;'><div class='ff-el-group'><div class=\"ff-el-input--label asterisk-right\"><label for='ff_6_custom-payment-amount_1' id='label_ff_6_custom-payment-amount_1' aria-label=\"TPS 5%\">TPS 5%<\/label><\/div><div class='ff-el-input--content'><input type=\"text\" name=\"custom-payment-amount_1\" id=\"ff_6_custom-payment-amount_1\" class=\"ff-el-form-control  ff_payment_item ff_has_formula\" data-payment_item=\"yes\" data-name=\"custom-payment-amount_1\" inputmode=\"decimal\" data-calculation_formula=\"({payment.payment_input}+1.50)*.05\" readonly=\"1\"  aria-invalid=\"false\" aria-required=false><\/div><\/div><\/div><div class='ff-t-cell ff-t-column-3' style='flex-basis: 33.33%;'><div class='ff-el-group'><div class=\"ff-el-input--label asterisk-right\"><label for='ff_6_custom-payment-amount_4' id='label_ff_6_custom-payment-amount_4' aria-label=\"TVQ 9.975%\">TVQ 9.975%<\/label><\/div><div class='ff-el-input--content'><input type=\"text\" name=\"custom-payment-amount_4\" id=\"ff_6_custom-payment-amount_4\" class=\"ff-el-form-control  ff_payment_item ff_has_formula\" data-payment_item=\"yes\" data-name=\"custom-payment-amount_4\" inputmode=\"decimal\" data-calculation_formula=\"({payment.payment_input}+1.50)*0.09975\" readonly=\"1\"  aria-invalid=\"false\" aria-required=false><\/div><\/div><\/div><\/div><div class='ff-el-group  ff-custom_html' tabindex='-1' data-name=\"custom_html-6_3\" ><h3><b>Note importante<\/b><\/h3>\n<p>Les liens de visionnement vous sera envoy\u00e9 par courriel.<\/p>\n<p><span style=\"font-weight: 400\">Les liens sont <\/span><b>uniques et non transf\u00e9rables<\/b><span style=\"font-weight: 400\">.<\/span><\/p>\n<p><span style=\"font-weight: 400\">En louant ici, vous contribuez directement \u00e0 la mission de La Bo\u00eete interculturelle : chaque dollar est r\u00e9investi dans des projets r\u00e9alis\u00e9s avec les communaut\u00e9s.<\/span><\/p>\n<p style='font-size:14px'><b>CLAUSE D\u2019UTILISATION \u2014 ACC\u00c8S UNIQUE<\/b><br \/>Le documentaire mis en location est strictement r\u00e9serv\u00e9 \u00e0 un usage personnel et priv\u00e9. La location conf\u00e8re un droit d\u2019acc\u00e8s unique et non transf\u00e9rable au locateur d\u2019origine uniquement.<br \/>Il est formellement interdit d\u2019utiliser ce contenu \u00e0 des fins de :<br \/>\u2022 \u00a0Visionnement public (projections communautaires, \u00e9v\u00e9nements, salles de classe, espaces publics, etc.)\u00a0<br \/>\u2022 \u00a0Promotion ou publicit\u00e9 (utilisation \u00e0 des fins commerciales, de marketing ou de diffusion publique)\u00a0<br \/>\u2022 \u00a0Reproduction ou redistribution (copie, t\u00e9l\u00e9chargement, partage ou toute autre forme de diffusion)\u00a0<br \/>\u2022 \u00a0Toute autre utilisation non express\u00e9ment autoris\u00e9e par La Boite interculturelle.<br \/>Toute violation de ces conditions peut entra\u00eener la r\u00e9siliation imm\u00e9diate de l\u2019acc\u00e8s au contenu et des poursuites l\u00e9gales conform\u00e9ment aux lois sur le droit d\u2019auteur applicables.<br \/>Pour toute demande de diffusion publique, veuillez communiquer avec nous \u00e0 :\u00a0<a href=\"mailto:boiteinterculturelle@gmail.com\" target=\"_blank\" rel=\"noopener\">boiteinterculturelle@gmail.com<\/a><\/p><\/div><div class='ff-el-group  ff-custom_html' tabindex='-1' data-name=\"custom_html-6_4\" ><h3>Order summary<\/h3><\/div><div class='ff-el-group  ff-payment_summary_component' tabindex='-1' data-name=\"payment_summary_component-6_5\" ><div class=\"ff_dynamic_value ff_dynamic_payment_summary\" data-ref=\"payment_summary\"><div class=\"ff_payment_summary\"><\/div><div class=\"ff_payment_summary_fallback\"><\/div><\/div><\/div><div class='ff-el-group'><div class='ff-el-input--content'><input name=\"payment_method\" type=\"hidden\" value=\"stripe\" data-name=\"payment_method\" class=\"ff-el-form-check-input ff_payment_method ff_selected_payment_method\" ><div class=\"stripe-inline-wrapper ff_pay_inline ff_pay_inline_stripe\" style=\"display: block\"><div class=\"ff-el-input--label\"><label for=\"payment_method_6_1_stripe_inline\">Credit card payment<\/label><\/div><div name=\"stripe_card_element\" class=\"ff_stripe_card_element ff-el-form-control\" data-wpf_payment_method=\"stripe\" id=\"payment_method_6_1_stripe_inline\" data-checkout_style=\"embedded_form\" ><\/div><div class=\"ff_card-errors text-danger\" role=\"alert\"><\/div><span style=\"margin-top: 5px;padding: 0;font-style: italic;font-size: 12px\">Stripe test mode activated<\/span><\/div><\/div><\/div><div class='ff-el-group ff-text-left ff_submit_btn_wrapper'><button type=\"submit\" class=\"ff-btn ff-btn-submit ff-btn-md ff_btn_style\"  aria-label=\"Pay now\">Pay now<\/button><\/div><\/fieldset><\/form><div id='fluentform_6_errors' class='ff-errors-in-stack ff_form_instance_6_1 ff-form-loading_errors ff_form_instance_6_1_errors'><\/div><\/div>            <script type=\"text\/javascript\">\n                window.fluent_form_ff_form_instance_6_1 = {\"id\":\"6\",\"ajaxUrl\":\"https:\\\/\\\/boiteinterculturelle.ca\\\/wp-admin\\\/admin-ajax.php\",\"settings\":{\"layout\":{\"labelPlacement\":\"top\",\"asteriskPlacement\":\"asterisk-right\",\"helpMessagePlacement\":\"with_label\",\"errorMessagePlacement\":\"inline\",\"cssClassName\":\"\"},\"restrictions\":{\"denyEmptySubmission\":{\"enabled\":false}}},\"form_instance\":\"ff_form_instance_6_1\",\"form_id_selector\":\"fluentform_6\",\"rules\":{\"input_text_1\":{\"required\":{\"value\":true,\"message\":\"Ce champ est obligatoire\",\"global_message\":\"Ce champ est obligatoire\",\"global\":true}},\"courriel\":{\"required\":{\"value\":false,\"message\":\"Ce champ est obligatoire\",\"global_message\":\"Ce champ est obligatoire\",\"global\":true},\"email\":{\"value\":true,\"message\":\"Ce champ doit contenir un e-mail valide\",\"global_message\":\"Ce champ doit contenir un e-mail valide\",\"global\":true}},\"organisme_nom\":{\"required\":{\"value\":false,\"message\":\"Ce champ est obligatoire\",\"global_message\":\"Ce champ est obligatoire\",\"global\":true}},\"description\":{\"required\":{\"value\":false,\"message\":\"Ce champ est obligatoire\",\"global_message\":\"Ce champ est obligatoire\",\"global\":true}},\"payment_input\":{\"required\":{\"value\":false,\"global\":true,\"message\":\"Ce champ est obligatoire\",\"global_message\":\"Ce champ est obligatoire\"}},\"custom-payment-amount_3\":{\"required\":{\"value\":false,\"global\":true,\"message\":\"Ce champ est obligatoire\",\"global_message\":\"Ce champ est obligatoire\"},\"numeric\":{\"value\":true,\"global\":true,\"message\":\"Ce champ doit contenir une valeur num\\u00e9rique\",\"global_message\":\"Ce champ doit contenir une valeur num\\u00e9rique\"},\"min\":{\"value\":\"\",\"global\":true,\"message\":\"\\u00c9chec de la validation pour la valeur minimale\",\"global_message\":\"\\u00c9chec de la validation pour la valeur minimale\"},\"max\":{\"value\":\"\",\"global\":true,\"message\":\"\\u00c9chec de la validation pour la valeur maximale\",\"global_message\":\"\\u00c9chec de la validation pour la valeur maximale\"}},\"custom-payment-amount_1\":{\"required\":{\"value\":false,\"global\":true,\"message\":\"Ce champ est obligatoire\",\"global_message\":\"Ce champ est obligatoire\"},\"numeric\":{\"value\":true,\"global\":true,\"message\":\"Ce champ doit contenir une valeur num\\u00e9rique\",\"global_message\":\"Ce champ doit contenir une valeur num\\u00e9rique\"},\"min\":{\"value\":\"\",\"global\":true,\"message\":\"\\u00c9chec de la validation pour la valeur minimale\",\"global_message\":\"\\u00c9chec de la validation pour la valeur minimale\"},\"max\":{\"value\":\"\",\"global\":true,\"message\":\"\\u00c9chec de la validation pour la valeur maximale\",\"global_message\":\"\\u00c9chec de la validation pour la valeur maximale\"}},\"custom-payment-amount_4\":{\"required\":{\"value\":false,\"global\":true,\"message\":\"Ce champ est obligatoire\",\"global_message\":\"Ce champ est obligatoire\"},\"numeric\":{\"value\":true,\"global\":true,\"message\":\"Ce champ doit contenir une valeur num\\u00e9rique\",\"global_message\":\"Ce champ doit contenir une valeur num\\u00e9rique\"},\"min\":{\"value\":\"\",\"global\":true,\"message\":\"\\u00c9chec de la validation pour la valeur minimale\",\"global_message\":\"\\u00c9chec de la validation pour la valeur minimale\"},\"max\":{\"value\":\"\",\"global\":true,\"message\":\"\\u00c9chec de la validation pour la valeur maximale\",\"global_message\":\"\\u00c9chec de la validation pour la valeur maximale\"}},\"payment_method\":{\"required\":{\"value\":true,\"global\":true,\"message\":\"Ce champ est obligatoire\",\"global_message\":\"Ce champ est obligatoire\"}}},\"debounce_time\":300};\n                            <\/script>\n                        <\/div>\n\n            \t\t\t\t<\/div>\n\t\t\t\t<\/div>\n\t\t\t\t<\/div>\n\t\t\t\t\t<\/div>\n\t\t\t\t<\/div>\n\t\t\t\t<\/div>\n\t\t","protected":false},"excerpt":{"rendered":"<p>Payment form Documentary rental Location documentaire Coordonn\u00e9es Pr\u00e9nomCourrielNom de l\u2019organisme \/ du collectif \/ de l\u2019\u00e9tablissement Documentaires Choix de documentaires Mamu \u2013 Ensemble Together | Visionnement priv\u00e9 7.50 $ Mamu \u2013 Ensemble Together | Visionnement institutionnel 60 $ La route de l&#8217;interculturalit\u00e9 | Visionnement priv\u00e9 7.50 $ La route de l&#8217;interculturalit\u00e9 | Visionnement institutionnel 60 [&hellip;]<\/p>\n","protected":false},"author":5,"featured_media":0,"parent":0,"menu_order":0,"comment_status":"closed","ping_status":"closed","template":"","meta":{"_acf_changed":false,"_gspb_post_css":"","footnotes":""},"class_list":["post-21980","page","type-page","status-publish","hentry"],"acf":[],"_links":{"self":[{"href":"https:\/\/boiteinterculturelle.ca\/en\/wp-json\/wp\/v2\/pages\/21980","targetHints":{"allow":["GET"]}}],"collection":[{"href":"https:\/\/boiteinterculturelle.ca\/en\/wp-json\/wp\/v2\/pages"}],"about":[{"href":"https:\/\/boiteinterculturelle.ca\/en\/wp-json\/wp\/v2\/types\/page"}],"author":[{"embeddable":true,"href":"https:\/\/boiteinterculturelle.ca\/en\/wp-json\/wp\/v2\/users\/5"}],"replies":[{"embeddable":true,"href":"https:\/\/boiteinterculturelle.ca\/en\/wp-json\/wp\/v2\/comments?post=21980"}],"version-history":[{"count":1,"href":"https:\/\/boiteinterculturelle.ca\/en\/wp-json\/wp\/v2\/pages\/21980\/revisions"}],"predecessor-version":[{"id":21981,"href":"https:\/\/boiteinterculturelle.ca\/en\/wp-json\/wp\/v2\/pages\/21980\/revisions\/21981"}],"wp:attachment":[{"href":"https:\/\/boiteinterculturelle.ca\/en\/wp-json\/wp\/v2\/media?parent=21980"}],"curies":[{"name":"wp","href":"https:\/\/api.w.org\/{rel}","templated":true}]}}